{"id":257,"date":"2022-10-21T11:17:47","date_gmt":"2022-10-21T09:17:47","guid":{"rendered":"https:\/\/www.deutsch-sprechen.com\/?page_id=257"},"modified":"2023-04-25T23:26:21","modified_gmt":"2023-04-25T21:26:21","slug":"corsi-in-tedesco-per-studenti-universitari","status":"publish","type":"page","link":"https:\/\/www.deutsch-sprechen.com\/en\/corsi-in-tedesco-per-studenti-universitari\/","title":{"rendered":"Courses for Students"},"content":{"rendered":"<div data-elementor-type=\"wp-page\" data-elementor-id=\"257\" class=\"elementor elementor-257\">\n\t\t\t\t\t\t\t\t\t<section class=\"elementor-section elementor-top-section elementor-element elementor-element-2eacac7 elementor-section-full_width elementor-section-height-min-height elementor-section-items-bottom elementor-section-content-bottom elementor-section-height-default\" data-id=\"2eacac7\" data-element_type=\"section\" data-settings=\"{&quot;background_background&quot;:&quot;classic&quot;}\">\n\t\t\t\t\t\t<div class=\"elementor-container elementor-column-gap-default\">\n\t\t\t\t\t<div class=\"elementor-column elementor-col-100 elementor-top-column elementor-element elementor-element-9bd2db8\" data-id=\"9bd2db8\" data-element_type=\"column\">\n\t\t\t<div class=\"elementor-widget-wrap elementor-element-populated\">\n\t\t\t\t\t\t\t\t<section class=\"elementor-section elementor-inner-section elementor-element elementor-element-06eaa3a elementor-section-content-bottom elementor-section-boxed elementor-section-height-default elementor-section-height-default\" data-id=\"06eaa3a\" data-element_type=\"section\">\n\t\t\t\t\t\t<div class=\"elementor-container elementor-column-gap-default\">\n\t\t\t\t\t<div class=\"elementor-column elementor-col-100 elementor-inner-column elementor-element elementor-element-e77f7f1\" data-id=\"e77f7f1\" data-element_type=\"column\">\n\t\t\t<div class=\"elementor-widget-wrap elementor-element-populated\">\n\t\t\t\t\t\t\t\t<div class=\"elementor-element elementor-element-4c70523 elementor-widget elementor-widget-heading\" data-id=\"4c70523\" data-element_type=\"widget\" data-widget_type=\"heading.default\">\n\t\t\t\t<div class=\"elementor-widget-container\">\n\t\t\t<style>\/*! elementor - v3.7.7 - 20-09-2022 *\/\n.elementor-heading-title{padding:0;margin:0;line-height:1}.elementor-widget-heading .elementor-heading-title[class*=elementor-size-]>a{color:inherit;font-size:inherit;line-height:inherit}.elementor-widget-heading .elementor-heading-title.elementor-size-small{font-size:15px}.elementor-widget-heading .elementor-heading-title.elementor-size-medium{font-size:19px}.elementor-widget-heading .elementor-heading-title.elementor-size-large{font-size:29px}.elementor-widget-heading .elementor-heading-title.elementor-size-xl{font-size:39px}.elementor-widget-heading .elementor-heading-title.elementor-size-xxl{font-size:59px}<\/style><h6 class=\"elementor-heading-title elementor-size-medium\">German courses<\/h6>\t\t<\/div>\n\t\t\t\t<\/div>\n\t\t\t\t\t<\/div>\n\t\t<\/div>\n\t\t\t\t\t\t\t<\/div>\n\t\t<\/section>\n\t\t\t\t\t<\/div>\n\t\t<\/div>\n\t\t\t\t\t\t\t<\/div>\n\t\t<\/section>\n\t\t\t\t<section class=\"elementor-section elementor-top-section elementor-element elementor-element-5c709c1 elementor-section-boxed elementor-section-height-default elementor-section-height-default\" data-id=\"5c709c1\" data-element_type=\"section\">\n\t\t\t\t\t\t<div class=\"elementor-container elementor-column-gap-default\">\n\t\t\t\t\t<div class=\"elementor-column elementor-col-100 elementor-top-column elementor-element elementor-element-647c643\" data-id=\"647c643\" data-element_type=\"column\">\n\t\t\t<div class=\"elementor-widget-wrap elementor-element-populated\">\n\t\t\t\t\t\t\t\t<div class=\"elementor-element elementor-element-0cc5ff3 elementor-widget elementor-widget-spacer\" data-id=\"0cc5ff3\" data-element_type=\"widget\" data-widget_type=\"spacer.default\">\n\t\t\t\t<div class=\"elementor-widget-container\">\n\t\t\t<style>\/*! elementor - v3.7.7 - 20-09-2022 *\/\n.elementor-column .elementor-spacer-inner{height:var(--spacer-size)}.e-container{--container-widget-width:100%}.e-container>.elementor-widget-spacer{width:var(--container-widget-width,var(--spacer-size));-ms-flex-item-align:stretch;align-self:stretch;-ms-flex-negative:0;flex-shrink:0}.e-container>.elementor-widget-spacer>.elementor-widget-container,.e-container>.elementor-widget-spacer>.elementor-widget-container>.elementor-spacer{height:100%}.e-container>.elementor-widget-spacer>.elementor-widget-container>.elementor-spacer>.elementor-spacer-inner{height:var(--container-widget-height,var(--spacer-size))}<\/style>\t\t<div class=\"elementor-spacer\">\n\t\t\t<div class=\"elementor-spacer-inner\"><\/div>\n\t\t<\/div>\n\t\t\t\t<\/div>\n\t\t\t\t<\/div>\n\t\t\t\t<section class=\"elementor-section elementor-inner-section elementor-element elementor-element-c4babdd elementor-section-boxed elementor-section-height-default elementor-section-height-default\" data-id=\"c4babdd\" data-element_type=\"section\">\n\t\t\t\t\t\t<div class=\"elementor-container elementor-column-gap-default\">\n\t\t\t\t\t<div class=\"elementor-column elementor-col-33 elementor-inner-column elementor-element elementor-element-c44dcc9\" data-id=\"c44dcc9\" data-element_type=\"column\">\n\t\t\t<div class=\"elementor-widget-wrap\">\n\t\t\t\t\t\t\t\t\t<\/div>\n\t\t<\/div>\n\t\t\t\t<div class=\"elementor-column elementor-col-66 elementor-inner-column elementor-element elementor-element-7b8be3b\" data-id=\"7b8be3b\" data-element_type=\"column\">\n\t\t\t<div class=\"elementor-widget-wrap elementor-element-populated\">\n\t\t\t\t\t\t\t\t<div class=\"elementor-element elementor-element-79d8f0c elementor-widget elementor-widget-heading\" data-id=\"79d8f0c\" data-element_type=\"widget\" data-widget_type=\"heading.default\">\n\t\t\t\t<div class=\"elementor-widget-container\">\n\t\t\t<h2 class=\"elementor-heading-title elementor-size-default\">Courses for Students<\/h2>\t\t<\/div>\n\t\t\t\t<\/div>\n\t\t\t\t<div class=\"elementor-element elementor-element-7a26fb5 elementor-widget elementor-widget-text-editor\" data-id=\"7a26fb5\" data-element_type=\"widget\" data-widget_type=\"text-editor.default\">\n\t\t\t\t<div class=\"elementor-widget-container\">\n\t\t\t<style>\/*! elementor - v3.7.7 - 20-09-2022 *\/\n.elementor-widget-text-editor.elementor-drop-cap-view-stacked .elementor-drop-cap{background-color:#818a91;color:#fff}.elementor-widget-text-editor.elementor-drop-cap-view-framed .elementor-drop-cap{color:#818a91;border:3px solid;background-color:transparent}.elementor-widget-text-editor:not(.elementor-drop-cap-view-default) .elementor-drop-cap{margin-top:8px}.elementor-widget-text-editor:not(.elementor-drop-cap-view-default) .elementor-drop-cap-letter{width:1em;height:1em}.elementor-widget-text-editor .elementor-drop-cap{float:left;text-align:center;line-height:1;font-size:50px}.elementor-widget-text-editor .elementor-drop-cap-letter{display:inline-block}<\/style>\t\t\t\t<p>If you can answer \"yes\" to any of these questions, then this course is made for you<\/p>\t\t\t\t\t\t<\/div>\n\t\t\t\t<\/div>\n\t\t\t\t<div class=\"elementor-element elementor-element-a10e4f3 elementor-widget elementor-widget-text-editor\" data-id=\"a10e4f3\" data-element_type=\"widget\" data-widget_type=\"text-editor.default\">\n\t\t\t\t<div class=\"elementor-widget-container\">\n\t\t\t\t\t\t\t<ul><li><span style=\"background-color: transparent; color: var( --e-global-color-text ); font-family: var( --e-global-typography-text-font-family ), Sans-serif; font-style: var( --e-global-typography-text-font-style ); font-weight: var( --e-global-typography-text-font-weight ); letter-spacing: var( --e-global-typography-text-letter-spacing ); text-transform: var( --e-global-typography-text-text-transform );\">Do you want better grades?<\/span><\/li><li>Would you like to speak more fluently?<\/li><li>Would you like to understand more?<\/li><li>Would you like to work on your pronunciation?<\/li><li>Would you like to expand your vocabulary?<\/li><li>Would you like to incorporate technical terms into everyday language?<\/li><li>Would you like to practice a presentation?<\/li><li>Would you like to improve communication on specific topics?<\/li><\/ul>\t\t\t\t\t\t<\/div>\n\t\t\t\t<\/div>\n\t\t\t\t<div class=\"elementor-element elementor-element-9877f07 elementor-widget elementor-widget-text-editor\" data-id=\"9877f07\" data-element_type=\"widget\" data-widget_type=\"text-editor.default\">\n\t\t\t\t<div class=\"elementor-widget-container\">\n\t\t\t\t\t\t\t<p>Feel free to make an appointment with me and start with your first 20-minute unit.<\/p><p>20 minutes of speaking German with a native speaker for only 18 EUR.<\/p><p>Conveniently from home within your preferred time frame.<\/p><p>Save time with face-to-face classes in video conferences. Computer or Smartphone - what you prefer<\/p><p>Book your 20 minutes \"Deutsch sprechen - ich bin fit\"<\/p><p>Book your desired date, pay and start learning. \"Deutsch sprechen - ich bin fit\"<\/p><p>\"Deutsch Sprechen - ich bin fit\"<\/p><p>Do you have questions or would you rather start with a free trial unit? Feel free to contact me to discuss anything further<\/p><p>info@deutsch-sprechen.com or phone 0039-3534543391<\/p>\t\t\t\t\t\t<\/div>\n\t\t\t\t<\/div>\n\t\t\t\t<div class=\"elementor-element elementor-element-1fb773e elementor-widget elementor-widget-button\" data-id=\"1fb773e\" data-element_type=\"widget\" data-widget_type=\"button.default\">\n\t\t\t\t<div class=\"elementor-widget-container\">\n\t\t\t\t\t<div class=\"elementor-button-wrapper\">\n\t\t\t<a href=\"https:\/\/www.deutsch-sprechen.com\/en\/prodotti\/prodotti\/\" class=\"elementor-button-link elementor-button elementor-size-sm\" role=\"button\">\n\t\t\t\t\t\t<span class=\"elementor-button-content-wrapper\">\n\t\t\t\t\t\t\t<span class=\"elementor-button-icon elementor-align-icon-left\">\n\t\t\t\t<i aria-hidden=\"true\" class=\"fas fa-arrow-right\"><\/i>\t\t\t<\/span>\n\t\t\t\t\t\t<span class=\"elementor-button-text\">Book your appointment<\/span>\n\t\t<\/span>\n\t\t\t\t\t<\/a>\n\t\t<\/div>\n\t\t\t\t<\/div>\n\t\t\t\t<\/div>\n\t\t\t\t\t<\/div>\n\t\t<\/div>\n\t\t\t\t\t\t\t<\/div>\n\t\t<\/section>\n\t\t\t\t<div class=\"elementor-element elementor-element-ab85730 elementor-widget elementor-widget-spacer\" data-id=\"ab85730\" data-element_type=\"widget\" data-widget_type=\"spacer.default\">\n\t\t\t\t<div class=\"elementor-widget-container\">\n\t\t\t\t\t<div class=\"elementor-spacer\">\n\t\t\t<div class=\"elementor-spacer-inner\"><\/div>\n\t\t<\/div>\n\t\t\t\t<\/div>\n\t\t\t\t<\/div>\n\t\t\t\t\t<\/div>\n\t\t<\/div>\n\t\t\t\t\t\t\t<\/div>\n\t\t<\/section>\n\t\t\t\t\t\t\t<\/div>","protected":false},"excerpt":{"rendered":"<p>corsi in tedesco Corsi per studenti universitari Se puoi rispondere &#8220;s\u00ec&#8221; a una qualsiasi delle domande, allora questo corso fa per te Vuoi voti migliori? Vorresti parlare pi\u00f9 fluentemente? Vorresti capirne di pi\u00f9? Vuoi lavorare sulla tua pronuncia? Vorresti ampliare il tuo vocabolario? Vorresti incorporare termini tecnici nel linguaggio di tutti i giorni? Vuoi esercitarti [&hellip;]<\/p>","protected":false},"author":1,"featured_media":0,"parent":0,"menu_order":0,"comment_status":"closed","ping_status":"closed","template":"","meta":{"footnotes":""},"class_list":["post-257","page","type-page","status-publish","hentry"],"yoast_head":"<!-- This site is optimized with the Yoast SEO plugin v20.4 - https:\/\/yoast.com\/wordpress\/plugins\/seo\/ -->\n<title>Deutschkurse - Kommunikation in Deutsch<\/title>\n<meta name=\"description\" content=\"corsi di conversazione in tedesco per migliorare i voti in universit\u00e0, corsi di tedesco per studenti, voti migliori in tedesco\" \/>\n<meta name=\"robots\" content=\"index, follow, max-snippet:-1, max-image-preview:large, max-video-preview:-1\" \/>\n<link rel=\"canonical\" href=\"https:\/\/www.deutsch-sprechen.com\/en\/corsi-in-tedesco-per-studenti-universitari\/\" \/>\n<meta property=\"og:locale\" content=\"en_US\" \/>\n<meta property=\"og:type\" content=\"article\" \/>\n<meta property=\"og:title\" content=\"Deutschkurse - Kommunikation in Deutsch\" \/>\n<meta property=\"og:description\" content=\"corsi di conversazione in tedesco per migliorare i voti in universit\u00e0, corsi di tedesco per studenti, voti migliori in tedesco\" \/>\n<meta property=\"og:url\" content=\"https:\/\/www.deutsch-sprechen.com\/en\/corsi-in-tedesco-per-studenti-universitari\/\" \/>\n<meta property=\"og:site_name\" content=\"Deutschkurse - Kommunikation in Deutsch\" \/>\n<meta property=\"article:modified_time\" content=\"2023-04-25T21:26:21+00:00\" \/>\n<meta name=\"twitter:card\" content=\"summary_large_image\" \/>\n<meta name=\"twitter:label1\" content=\"Est. reading time\" \/>\n\t<meta name=\"twitter:data1\" content=\"1 minute\" \/>\n<script type=\"application\/ld+json\" class=\"yoast-schema-graph\">{\"@context\":\"https:\/\/schema.org\",\"@graph\":[{\"@type\":\"WebPage\",\"@id\":\"https:\/\/www.deutsch-sprechen.com\/corsi-in-tedesco-per-studenti-universitari\/\",\"url\":\"https:\/\/www.deutsch-sprechen.com\/corsi-in-tedesco-per-studenti-universitari\/\",\"name\":\"Deutschkurse - Kommunikation in Deutsch\",\"isPartOf\":{\"@id\":\"https:\/\/www.deutsch-sprechen.com\/#website\"},\"datePublished\":\"2022-10-21T09:17:47+00:00\",\"dateModified\":\"2023-04-25T21:26:21+00:00\",\"description\":\"corsi di conversazione in tedesco per migliorare i voti in universit\u00e0, corsi di tedesco per studenti, voti migliori in tedesco\",\"breadcrumb\":{\"@id\":\"https:\/\/www.deutsch-sprechen.com\/corsi-in-tedesco-per-studenti-universitari\/#breadcrumb\"},\"inLanguage\":\"en-US\",\"potentialAction\":[{\"@type\":\"ReadAction\",\"target\":[\"https:\/\/www.deutsch-sprechen.com\/corsi-in-tedesco-per-studenti-universitari\/\"]}]},{\"@type\":\"BreadcrumbList\",\"@id\":\"https:\/\/www.deutsch-sprechen.com\/corsi-in-tedesco-per-studenti-universitari\/#breadcrumb\",\"itemListElement\":[{\"@type\":\"ListItem\",\"position\":1,\"name\":\"Home\",\"item\":\"https:\/\/www.deutsch-sprechen.com\/\"},{\"@type\":\"ListItem\",\"position\":2,\"name\":\"Corsi per studenti universitari\"}]},{\"@type\":\"WebSite\",\"@id\":\"https:\/\/www.deutsch-sprechen.com\/#website\",\"url\":\"https:\/\/www.deutsch-sprechen.com\/\",\"name\":\"Deutschkurse - Kommunikation in Deutsch\",\"description\":\"\",\"publisher\":{\"@id\":\"https:\/\/www.deutsch-sprechen.com\/#organization\"},\"potentialAction\":[{\"@type\":\"SearchAction\",\"target\":{\"@type\":\"EntryPoint\",\"urlTemplate\":\"https:\/\/www.deutsch-sprechen.com\/?s={search_term_string}\"},\"query-input\":\"required name=search_term_string\"}],\"inLanguage\":\"en-US\"},{\"@type\":\"Organization\",\"@id\":\"https:\/\/www.deutsch-sprechen.com\/#organization\",\"name\":\"Deutschkurse - Kommunikation in Deutsch\",\"url\":\"https:\/\/www.deutsch-sprechen.com\/\",\"logo\":{\"@type\":\"ImageObject\",\"inLanguage\":\"en-US\",\"@id\":\"https:\/\/www.deutsch-sprechen.com\/#\/schema\/logo\/image\/\",\"url\":\"https:\/\/www.deutsch-sprechen.com\/wp-content\/uploads\/2023\/03\/Logo_DeutschSprechen_2023.jpg\",\"contentUrl\":\"https:\/\/www.deutsch-sprechen.com\/wp-content\/uploads\/2023\/03\/Logo_DeutschSprechen_2023.jpg\",\"width\":609,\"height\":137,\"caption\":\"Deutschkurse - Kommunikation in Deutsch\"},\"image\":{\"@id\":\"https:\/\/www.deutsch-sprechen.com\/#\/schema\/logo\/image\/\"}}]}<\/script>\n<!-- \/ Yoast SEO plugin. -->","yoast_head_json":{"title":"Deutschkurse - Kommunikation in Deutsch","description":"corsi di conversazione in tedesco per migliorare i voti in universit\u00e0, corsi di tedesco per studenti, voti migliori in tedesco","robots":{"index":"index","follow":"follow","max-snippet":"max-snippet:-1","max-image-preview":"max-image-preview:large","max-video-preview":"max-video-preview:-1"},"canonical":"https:\/\/www.deutsch-sprechen.com\/en\/corsi-in-tedesco-per-studenti-universitari\/","og_locale":"en_US","og_type":"article","og_title":"Deutschkurse - Kommunikation in Deutsch","og_description":"corsi di conversazione in tedesco per migliorare i voti in universit\u00e0, corsi di tedesco per studenti, voti migliori in tedesco","og_url":"https:\/\/www.deutsch-sprechen.com\/en\/corsi-in-tedesco-per-studenti-universitari\/","og_site_name":"Deutschkurse - Kommunikation in Deutsch","article_modified_time":"2023-04-25T21:26:21+00:00","twitter_card":"summary_large_image","twitter_misc":{"Est. reading time":"1 minute"},"schema":{"@context":"https:\/\/schema.org","@graph":[{"@type":"WebPage","@id":"https:\/\/www.deutsch-sprechen.com\/corsi-in-tedesco-per-studenti-universitari\/","url":"https:\/\/www.deutsch-sprechen.com\/corsi-in-tedesco-per-studenti-universitari\/","name":"Deutschkurse - Kommunikation in Deutsch","isPartOf":{"@id":"https:\/\/www.deutsch-sprechen.com\/#website"},"datePublished":"2022-10-21T09:17:47+00:00","dateModified":"2023-04-25T21:26:21+00:00","description":"corsi di conversazione in tedesco per migliorare i voti in universit\u00e0, corsi di tedesco per studenti, voti migliori in tedesco","breadcrumb":{"@id":"https:\/\/www.deutsch-sprechen.com\/corsi-in-tedesco-per-studenti-universitari\/#breadcrumb"},"inLanguage":"en-US","potentialAction":[{"@type":"ReadAction","target":["https:\/\/www.deutsch-sprechen.com\/corsi-in-tedesco-per-studenti-universitari\/"]}]},{"@type":"BreadcrumbList","@id":"https:\/\/www.deutsch-sprechen.com\/corsi-in-tedesco-per-studenti-universitari\/#breadcrumb","itemListElement":[{"@type":"ListItem","position":1,"name":"Home","item":"https:\/\/www.deutsch-sprechen.com\/"},{"@type":"ListItem","position":2,"name":"Corsi per studenti universitari"}]},{"@type":"WebSite","@id":"https:\/\/www.deutsch-sprechen.com\/#website","url":"https:\/\/www.deutsch-sprechen.com\/","name":"Deutschkurse - Kommunikation in Deutsch","description":"","publisher":{"@id":"https:\/\/www.deutsch-sprechen.com\/#organization"},"potentialAction":[{"@type":"SearchAction","target":{"@type":"EntryPoint","urlTemplate":"https:\/\/www.deutsch-sprechen.com\/?s={search_term_string}"},"query-input":"required name=search_term_string"}],"inLanguage":"en-US"},{"@type":"Organization","@id":"https:\/\/www.deutsch-sprechen.com\/#organization","name":"Deutschkurse - Kommunikation in Deutsch","url":"https:\/\/www.deutsch-sprechen.com\/","logo":{"@type":"ImageObject","inLanguage":"en-US","@id":"https:\/\/www.deutsch-sprechen.com\/#\/schema\/logo\/image\/","url":"https:\/\/www.deutsch-sprechen.com\/wp-content\/uploads\/2023\/03\/Logo_DeutschSprechen_2023.jpg","contentUrl":"https:\/\/www.deutsch-sprechen.com\/wp-content\/uploads\/2023\/03\/Logo_DeutschSprechen_2023.jpg","width":609,"height":137,"caption":"Deutschkurse - Kommunikation in Deutsch"},"image":{"@id":"https:\/\/www.deutsch-sprechen.com\/#\/schema\/logo\/image\/"}}]}},"_links":{"self":[{"href":"https:\/\/www.deutsch-sprechen.com\/en\/wp-json\/wp\/v2\/pages\/257","targetHints":{"allow":["GET"]}}],"collection":[{"href":"https:\/\/www.deutsch-sprechen.com\/en\/wp-json\/wp\/v2\/pages"}],"about":[{"href":"https:\/\/www.deutsch-sprechen.com\/en\/wp-json\/wp\/v2\/types\/page"}],"author":[{"embeddable":true,"href":"https:\/\/www.deutsch-sprechen.com\/en\/wp-json\/wp\/v2\/users\/1"}],"replies":[{"embeddable":true,"href":"https:\/\/www.deutsch-sprechen.com\/en\/wp-json\/wp\/v2\/comments?post=257"}],"version-history":[{"count":72,"href":"https:\/\/www.deutsch-sprechen.com\/en\/wp-json\/wp\/v2\/pages\/257\/revisions"}],"predecessor-version":[{"id":1002,"href":"https:\/\/www.deutsch-sprechen.com\/en\/wp-json\/wp\/v2\/pages\/257\/revisions\/1002"}],"wp:attachment":[{"href":"https:\/\/www.deutsch-sprechen.com\/en\/wp-json\/wp\/v2\/media?parent=257"}],"curies":[{"name":"wp","href":"https:\/\/api.w.org\/{rel}","templated":true}]}}